{"id":731,"date":"2026-02-26T18:13:12","date_gmt":"2026-02-26T18:13:12","guid":{"rendered":"https:\/\/new.restaurant-du-theatre.ch\/salons\/"},"modified":"2026-03-07T18:04:05","modified_gmt":"2026-03-07T18:04:05","slug":"private-rooms","status":"publish","type":"page","link":"https:\/\/restaurant-du-theatre.ch\/en\/private-rooms\/","title":{"rendered":"Private rooms"},"content":{"rendered":"<section class=\"bde-section-731-100 bde-section radial-bg__top\">\n              \n  \n  \n\t\n\n\n\n<div class=\"section-container\"><h1 class=\"bde-heading-731-102 bde-heading\">\n3 private lounges\n<\/h1><div class=\"bde-image-731-101 bde-image\" data-entrance=\"fade\">\n<figure class=\"breakdance-image breakdance-image--691\">\n\t<div class=\"breakdance-image-container\">\n\t\t<div class=\"breakdance-image-clip\"><img decoding=\"async\" class=\"breakdance-image-object\" src=\"https:\/\/restaurant-du-theatre.ch\/wp-content\/uploads\/2026\/02\/logo-theatre-taupe.svg\" width=\"\" height=\"\"><\/div>\n\t<\/div><\/figure>\n\n<\/div><div class=\"bde-text-731-103 bde-text\">\nLounges for groups and banquets: in addition to a spacious dining room, the Restaurant du Th\u00e9\u00e2tre welcomes you for your group meals.\n<\/div><div id=\"salon-ramuz-en\" class=\"bde-columns-731-106 bde-columns\"><div class=\"bde-column-731-107 bde-column\" data-entrance=\"slideLeft\">\n  \n  \n\t\n\n\n\n<h6 class=\"bde-heading-731-162 bde-heading\">\n14 people\n<\/h6><h2 class=\"bde-heading-731-108 bde-heading\" data-entrance=\"flipDown\">\nRamuz Lounge\n<\/h2><div class=\"bde-text-731-109 bde-text\">\nFor your family meals and evenings with friends, or for your professional lunches and dinners, you will enjoy the intimate and cozy atmosphere of this small lounge, which can accommodate up to 14 people.\n<\/div><div class=\"bde-text-731-178 bde-text\">\n\"An unforgettable evening...\"<br>Carole\n<\/div>\n<\/div><div class=\"bde-column-731-111 bde-column\">\n  \n  \n\t\n\n\n\n<div class=\"bde-image-731-112 bde-image\" data-entrance=\"fade\">\n<figure class=\"breakdance-image breakdance-image--865\">\n\t<div class=\"breakdance-image-container\">\n\t\t<div class=\"breakdance-image-clip\"><a class=\"breakdance-image-link breakdance-image-link--url\" href=\"https:\/\/new.restaurant-du-theatre.ch\/salons\/\" target=\"_self\" rel=\"noopener\" data-sub-html=\"\" data-lg-size=\"-\"><img loading=\"lazy\" decoding=\"async\" class=\"breakdance-image-object\" src=\"https:\/\/restaurant-du-theatre.ch\/wp-content\/uploads\/2026\/03\/salon-ramuz-restaurant-theatre-lausanne-1.webp\" width=\"1200\" height=\"800\" srcset=\"https:\/\/restaurant-du-theatre.ch\/wp-content\/uploads\/2026\/03\/salon-ramuz-restaurant-theatre-lausanne-1.webp 1200w, https:\/\/restaurant-du-theatre.ch\/wp-content\/uploads\/2026\/03\/salon-ramuz-restaurant-theatre-lausanne-1-300x200.webp 300w, https:\/\/restaurant-du-theatre.ch\/wp-content\/uploads\/2026\/03\/salon-ramuz-restaurant-theatre-lausanne-1-1024x683.webp 1024w, https:\/\/restaurant-du-theatre.ch\/wp-content\/uploads\/2026\/03\/salon-ramuz-restaurant-theatre-lausanne-1-768x512.webp 768w\" sizes=\"auto, (max-width: 1200px) 100vw, 1200px\"><\/a><\/div>\n\t<\/div><\/figure>\n\n<\/div>\n<\/div><\/div><\/div>\n<\/section><section class=\"bde-section-731-115 bde-section\">\n  \n  \n\t\n\n\n\n<div class=\"section-container\"><div id=\"salon-gilles-en\" class=\"bde-columns-731-116 bde-columns\"><div class=\"bde-column-731-117 bde-column\">\n  \n  \n\t\n\n\n\n<div class=\"bde-image-731-118 bde-image\" data-entrance=\"fade\">\n<figure class=\"breakdance-image breakdance-image--733\">\n\t<div class=\"breakdance-image-container\">\n\t\t<div class=\"breakdance-image-clip\"><a class=\"breakdance-image-link breakdance-image-link--url\" href=\"https:\/\/new.restaurant-du-theatre.ch\/salons\/\" target=\"_self\" rel=\"noopener\" data-sub-html=\"\" data-lg-size=\"-\"><img loading=\"lazy\" decoding=\"async\" class=\"breakdance-image-object\" src=\"https:\/\/restaurant-du-theatre.ch\/wp-content\/uploads\/2026\/02\/salon-restaurant-theatre-lausanne.webp\" width=\"1199\" height=\"697\" srcset=\"https:\/\/restaurant-du-theatre.ch\/wp-content\/uploads\/2026\/02\/salon-restaurant-theatre-lausanne.webp 1199w, https:\/\/restaurant-du-theatre.ch\/wp-content\/uploads\/2026\/02\/salon-restaurant-theatre-lausanne-300x174.webp 300w, https:\/\/restaurant-du-theatre.ch\/wp-content\/uploads\/2026\/02\/salon-restaurant-theatre-lausanne-1024x595.webp 1024w, https:\/\/restaurant-du-theatre.ch\/wp-content\/uploads\/2026\/02\/salon-restaurant-theatre-lausanne-768x446.webp 768w\" sizes=\"auto, (max-width: 1199px) 100vw, 1199px\"><\/a><\/div>\n\t<\/div><\/figure>\n\n<\/div>\n<\/div><div class=\"bde-column-731-119 bde-column\" data-entrance=\"slideRight\">\n  \n  \n\t\n\n\n\n<h6 class=\"bde-heading-731-164 bde-heading\">\n25 to 35 people\n<\/h6><h2 class=\"bde-heading-731-163 bde-heading\" data-entrance=\"flipDown\">\nGilles Lounge\n<\/h2><div class=\"bde-text-731-120 bde-text\">\nIf you wish to host a larger group and need more space while maintaining a private setting, the \"Gilles\" lounge will best meet your expectations. With a capacity of 25 to 35 people, you will appreciate the peace and tranquility of this setting.\n<\/div><div class=\"bde-text-731-181 bde-text\">\n\"Perfect for groups...\"<br>Benjamin\n<\/div><div class=\"bde-image-731-122 bde-image\" data-entrance=\"fade\">\n<figure class=\"breakdance-image breakdance-image--692\">\n\t<div class=\"breakdance-image-container\">\n\t\t<div class=\"breakdance-image-clip\"><img decoding=\"async\" class=\"breakdance-image-object\" src=\"https:\/\/restaurant-du-theatre.ch\/wp-content\/uploads\/2026\/02\/icon-theatre-taupe.svg\" width=\"\" height=\"\"><\/div>\n\t<\/div><\/figure>\n\n<\/div>\n<\/div><\/div><\/div>\n<\/section><section class=\"bde-section-731-123 bde-section\">\n              \n  \n  \n\t\n\n\n\n<div class=\"section-container\"><div id=\"salon-bailly-en\" class=\"bde-columns-731-124 bde-columns\"><div class=\"bde-column-731-125 bde-column\" data-entrance=\"slideLeft\">\n  \n  \n\t\n\n\n\n<h6 class=\"bde-heading-731-165 bde-heading\">\n200 people\n<\/h6><h2 class=\"bde-heading-731-126 bde-heading\" data-entrance=\"flipDown\">\nBailly Lounge\n<\/h2><div class=\"bde-text-731-127 bde-text\">\nFor larger receptions of up to 200 people, we have the possibility of renting the Bailly lounge at the Lausanne Opera, one of the largest venues in the city.\n<\/div><div class=\"bde-text-731-182 bde-text\">\n\"A very large room for rent in Lausanne\"<br>St\u00e9phanie<br>\n<\/div><div class=\"bde-div-731-187 bde-div\">\n  \n  \n\t\n\n\n\n<div class=\"bde-button-731-104 bde-button\" data-entrance=\"slideLeft\">\n    \n                        \n                                                    \n    \n    \n    \n    \n            \n                    \n            \n            \n\n    \n    \n    \n    \n    \n    <a class=\"breakdance-link button-atom button-atom--custom button-atom--preset-f19efc4d-45fd-4352-aeb1-db8f620c3ef1 bde-button__button\" href=\"https:\/\/restaurant-du-theatre.ch\/en\/pdfviewer\/group-menus\/\" target=\"_self\" data-type=\"url\"  >\n\n    \n        <span class=\"button-atom__text\">Group Menus<\/span>\n\n        \n        \n                <\/a>\n\n    \n\n\n<\/div>\n<\/div><div class=\"bde-div-731-188 bde-div\">\n  \n  \n\t\n\n\n\n<div class=\"bde-button-731-190 bde-button\" data-entrance=\"slideLeft\">\n    \n                        \n                                                    \n    \n    \n    \n    \n            \n                    \n            \n            \n\n    \n    \n    \n    \n    \n    <a class=\"breakdance-link button-atom button-atom--custom button-atom--preset-f19efc4d-45fd-4352-aeb1-db8f620c3ef1 bde-button__button\" href=\"https:\/\/restaurant-du-theatre.ch\/en\/pdfviewer\/wine-list\/\" target=\"_self\" data-type=\"url\"  >\n\n    \n        <span class=\"button-atom__text\">Wine List<\/span>\n\n        \n        \n                <\/a>\n\n    \n\n\n<\/div>\n<\/div><div class=\"bde-div-731-192 bde-div\">\n  \n  \n\t\n\n\n\n<div class=\"bde-button-731-195 bde-button\" data-entrance=\"slideLeft\">\n    \n                        \n                                                    \n    \n    \n    \n    \n            \n                    \n            \n            \n\n    \n    \n    \n    \n    \n    <a class=\"breakdance-link button-atom button-atom--custom button-atom--preset-f19efc4d-45fd-4352-aeb1-db8f620c3ef1 bde-button__button\" href=\"https:\/\/new.restaurant-du-theatre.ch\/en\/contact\/\" target=\"_self\" data-type=\"url\"  >\n\n    \n        <span class=\"button-atom__text\">Contact us<\/span>\n\n        \n        \n                <\/a>\n\n    \n\n\n<\/div>\n<\/div>\n<\/div><div class=\"bde-column-731-129 bde-column\">\n  \n  \n\t\n\n\n\n<div class=\"bde-image-731-130 bde-image\" data-entrance=\"fade\">\n<figure class=\"breakdance-image breakdance-image--734\">\n\t<div class=\"breakdance-image-container\">\n\t\t<div class=\"breakdance-image-clip\"><a class=\"breakdance-image-link breakdance-image-link--url\" href=\"https:\/\/new.restaurant-du-theatre.ch\/salons\/\" target=\"_self\" rel=\"noopener\" data-sub-html=\"\" data-lg-size=\"-\"><img loading=\"lazy\" decoding=\"async\" class=\"breakdance-image-object\" src=\"https:\/\/restaurant-du-theatre.ch\/wp-content\/uploads\/2026\/02\/salon-privatise-bailly-theatre-restaurant.webp\" width=\"1200\" height=\"800\" srcset=\"https:\/\/restaurant-du-theatre.ch\/wp-content\/uploads\/2026\/02\/salon-privatise-bailly-theatre-restaurant.webp 1200w, https:\/\/restaurant-du-theatre.ch\/wp-content\/uploads\/2026\/02\/salon-privatise-bailly-theatre-restaurant-300x200.webp 300w, https:\/\/restaurant-du-theatre.ch\/wp-content\/uploads\/2026\/02\/salon-privatise-bailly-theatre-restaurant-1024x683.webp 1024w, https:\/\/restaurant-du-theatre.ch\/wp-content\/uploads\/2026\/02\/salon-privatise-bailly-theatre-restaurant-768x512.webp 768w\" sizes=\"auto, (max-width: 1200px) 100vw, 1200px\"><\/a><\/div>\n\t<\/div><\/figure>\n\n<\/div>\n<\/div><\/div><div class=\"bde-image-731-176 bde-image\">\n<figure class=\"breakdance-image breakdance-image--692\">\n\t<div class=\"breakdance-image-container\">\n\t\t<div class=\"breakdance-image-clip\"><img decoding=\"async\" class=\"breakdance-image-object\" src=\"https:\/\/restaurant-du-theatre.ch\/wp-content\/uploads\/2026\/02\/icon-theatre-taupe.svg\" width=\"\" height=\"\"><\/div>\n\t<\/div><\/figure>\n\n<\/div><div class=\"bde-div-731-177 bde-div\">\n  \n  \n\t\n\n\n\n<div class=\"bde-image-731-175 bde-image\">\n<figure class=\"breakdance-image breakdance-image--735\">\n\t<div class=\"breakdance-image-container\">\n\t\t<div class=\"breakdance-image-clip\"><a class=\"breakdance-image-link breakdance-image-link--url\" href=\"https:\/\/new.restaurant-du-theatre.ch\/salons\/\" target=\"_self\" rel=\"noopener\" data-sub-html=\"\" data-lg-size=\"-\"><img loading=\"lazy\" decoding=\"async\" class=\"breakdance-image-object\" src=\"https:\/\/restaurant-du-theatre.ch\/wp-content\/uploads\/2026\/02\/banniere-salon-bailly-restaurant-theatre-lausanne.webp\" width=\"1300\" height=\"732\" srcset=\"https:\/\/restaurant-du-theatre.ch\/wp-content\/uploads\/2026\/02\/banniere-salon-bailly-restaurant-theatre-lausanne.webp 1300w, https:\/\/restaurant-du-theatre.ch\/wp-content\/uploads\/2026\/02\/banniere-salon-bailly-restaurant-theatre-lausanne-300x169.webp 300w, https:\/\/restaurant-du-theatre.ch\/wp-content\/uploads\/2026\/02\/banniere-salon-bailly-restaurant-theatre-lausanne-1024x577.webp 1024w, https:\/\/restaurant-du-theatre.ch\/wp-content\/uploads\/2026\/02\/banniere-salon-bailly-restaurant-theatre-lausanne-768x432.webp 768w\" sizes=\"auto, (max-width: 1300px) 100vw, 1300px\"><\/a><\/div>\n\t<\/div><\/figure>\n\n<\/div><div class=\"bde-columns-731-184 bde-columns\"><div class=\"bde-column-731-185 bde-column\">\n  \n  \n\t\n\n\n\n<div class=\"bde-text-731-183 bde-text\">\nContact us at any time to reserve one of our three private lounges. It is possible to arrange an appointment to visit the premises. Consult our group menus and contact us for any special menu requirements to be arranged with the chef.\n<\/div>\n<\/div><\/div>\n<\/div><\/div>\n<\/section>","protected":false},"excerpt":{"rendered":"<p>3 private lounges Lounges for groups and banquets: in addition to a spacious dining room, the Restaurant du Th\u00e9\u00e2tre welcomes you for your group meals. 14 people Ramuz Lounge For your family meals and evenings with friends, or for your professional lunches and dinners, you will enjoy the intimate and cozy atmosphere of this small [&hellip;]<\/p>\n","protected":false},"author":9,"featured_media":733,"parent":0,"menu_order":0,"comment_status":"closed","ping_status":"closed","template":"","meta":{"_breakdance_hide_in_design_set":false,"_breakdance_tags":"","iawp_total_views":30,"footnotes":""},"class_list":["post-731","page","type-page","status-publish","has-post-thumbnail","hentry"],"yoast_head":"<!-- This site is optimized with the Yoast SEO plugin v27.3 - https:\/\/yoast.com\/product\/yoast-seo-wordpress\/ -->\n<title>3 Private Lounges at Restaurant du Th\u00e9\u00e2tre<\/title>\n<meta name=\"description\" content=\"Lounges for groups and banquets: in addition to a spacious dining room, the Restaurant du Th\u00e9\u00e2tre welcomes you for your group meals.\" \/>\n<meta name=\"robots\" content=\"index, follow, max-snippet:-1, max-image-preview:large, max-video-preview:-1\" \/>\n<link rel=\"canonical\" href=\"https:\/\/restaurant-du-theatre.ch\/en\/private-rooms\/\" \/>\n<meta property=\"og:locale\" content=\"en_US\" \/>\n<meta property=\"og:type\" content=\"article\" \/>\n<meta property=\"og:title\" content=\"3 Private Lounges at Restaurant du Th\u00e9\u00e2tre\" \/>\n<meta property=\"og:description\" content=\"Lounges for groups and banquets: in addition to a spacious dining room, the Restaurant du Th\u00e9\u00e2tre welcomes you for your group meals.\" \/>\n<meta property=\"og:url\" content=\"https:\/\/restaurant-du-theatre.ch\/en\/private-rooms\/\" \/>\n<meta property=\"og:site_name\" content=\"Restaurant du Th\u00e9\u00e2tre Lausanne\" \/>\n<meta property=\"article:modified_time\" content=\"2026-03-07T18:04:05+00:00\" \/>\n<meta property=\"og:image\" content=\"https:\/\/restaurant-du-theatre.ch\/wp-content\/uploads\/2026\/02\/salon-restaurant-theatre-lausanne.webp\" \/>\n\t<meta property=\"og:image:width\" content=\"1199\" \/>\n\t<meta property=\"og:image:height\" content=\"697\" \/>\n\t<meta property=\"og:image:type\" content=\"image\/webp\" \/>\n<meta name=\"twitter:card\" content=\"summary_large_image\" \/>\n<meta name=\"twitter:title\" content=\"3 Private Lounges at Restaurant du Th\u00e9\u00e2tre\" \/>\n<meta name=\"twitter:description\" content=\"Lounges for groups and banquets: in addition to a spacious dining room, the Restaurant du Th\u00e9\u00e2tre welcomes you for your group meals.\" \/>\n<meta name=\"twitter:image\" content=\"https:\/\/restaurant-du-theatre.ch\/wp-content\/uploads\/2026\/02\/salon-restaurant-theatre-lausanne.webp\" \/>\n<meta name=\"twitter:label1\" content=\"Est. reading time\" \/>\n\t<meta name=\"twitter:data1\" content=\"3 minutes\" \/>\n<script type=\"application\/ld+json\" class=\"yoast-schema-graph\">{\"@context\":\"https:\\\/\\\/schema.org\",\"@graph\":[{\"@type\":\"WebPage\",\"@id\":\"https:\\\/\\\/restaurant-du-theatre.ch\\\/en\\\/private-rooms\\\/\",\"url\":\"https:\\\/\\\/restaurant-du-theatre.ch\\\/en\\\/private-rooms\\\/\",\"name\":\"3 Private Lounges at Restaurant du Th\u00e9\u00e2tre\",\"isPartOf\":{\"@id\":\"https:\\\/\\\/restaurant-du-theatre.ch\\\/#website\"},\"primaryImageOfPage\":{\"@id\":\"https:\\\/\\\/restaurant-du-theatre.ch\\\/en\\\/private-rooms\\\/#primaryimage\"},\"image\":{\"@id\":\"https:\\\/\\\/restaurant-du-theatre.ch\\\/en\\\/private-rooms\\\/#primaryimage\"},\"thumbnailUrl\":\"https:\\\/\\\/restaurant-du-theatre.ch\\\/wp-content\\\/uploads\\\/2026\\\/02\\\/salon-restaurant-theatre-lausanne.webp\",\"datePublished\":\"2026-02-26T18:13:12+00:00\",\"dateModified\":\"2026-03-07T18:04:05+00:00\",\"description\":\"Lounges for groups and banquets: in addition to a spacious dining room, the Restaurant du Th\u00e9\u00e2tre welcomes you for your group meals.\",\"breadcrumb\":{\"@id\":\"https:\\\/\\\/restaurant-du-theatre.ch\\\/en\\\/private-rooms\\\/#breadcrumb\"},\"inLanguage\":\"en-US\",\"potentialAction\":[{\"@type\":\"ReadAction\",\"target\":[\"https:\\\/\\\/restaurant-du-theatre.ch\\\/en\\\/private-rooms\\\/\"]}]},{\"@type\":\"ImageObject\",\"inLanguage\":\"en-US\",\"@id\":\"https:\\\/\\\/restaurant-du-theatre.ch\\\/en\\\/private-rooms\\\/#primaryimage\",\"url\":\"https:\\\/\\\/restaurant-du-theatre.ch\\\/wp-content\\\/uploads\\\/2026\\\/02\\\/salon-restaurant-theatre-lausanne.webp\",\"contentUrl\":\"https:\\\/\\\/restaurant-du-theatre.ch\\\/wp-content\\\/uploads\\\/2026\\\/02\\\/salon-restaurant-theatre-lausanne.webp\",\"width\":1199,\"height\":697},{\"@type\":\"BreadcrumbList\",\"@id\":\"https:\\\/\\\/restaurant-du-theatre.ch\\\/en\\\/private-rooms\\\/#breadcrumb\",\"itemListElement\":[{\"@type\":\"ListItem\",\"position\":1,\"name\":\"Accueil\",\"item\":\"https:\\\/\\\/restaurant-du-theatre.ch\\\/en\\\/\"},{\"@type\":\"ListItem\",\"position\":2,\"name\":\"Private rooms\"}]},{\"@type\":\"WebSite\",\"@id\":\"https:\\\/\\\/restaurant-du-theatre.ch\\\/#website\",\"url\":\"https:\\\/\\\/restaurant-du-theatre.ch\\\/\",\"name\":\"Restaurant du Th\u00e9\u00e2tre Lausanne\",\"description\":\"\",\"potentialAction\":[{\"@type\":\"SearchAction\",\"target\":{\"@type\":\"EntryPoint\",\"urlTemplate\":\"https:\\\/\\\/restaurant-du-theatre.ch\\\/?s={search_term_string}\"},\"query-input\":{\"@type\":\"PropertyValueSpecification\",\"valueRequired\":true,\"valueName\":\"search_term_string\"}}],\"inLanguage\":\"en-US\"}]}<\/script>\n<!-- \/ Yoast SEO plugin. -->","yoast_head_json":{"title":"3 Private Lounges at Restaurant du Th\u00e9\u00e2tre","description":"Lounges for groups and banquets: in addition to a spacious dining room, the Restaurant du Th\u00e9\u00e2tre welcomes you for your group meals.","robots":{"index":"index","follow":"follow","max-snippet":"max-snippet:-1","max-image-preview":"max-image-preview:large","max-video-preview":"max-video-preview:-1"},"canonical":"https:\/\/restaurant-du-theatre.ch\/en\/private-rooms\/","og_locale":"en_US","og_type":"article","og_title":"3 Private Lounges at Restaurant du Th\u00e9\u00e2tre","og_description":"Lounges for groups and banquets: in addition to a spacious dining room, the Restaurant du Th\u00e9\u00e2tre welcomes you for your group meals.","og_url":"https:\/\/restaurant-du-theatre.ch\/en\/private-rooms\/","og_site_name":"Restaurant du Th\u00e9\u00e2tre Lausanne","article_modified_time":"2026-03-07T18:04:05+00:00","og_image":[{"width":1199,"height":697,"url":"https:\/\/restaurant-du-theatre.ch\/wp-content\/uploads\/2026\/02\/salon-restaurant-theatre-lausanne.webp","type":"image\/webp"}],"twitter_card":"summary_large_image","twitter_title":"3 Private Lounges at Restaurant du Th\u00e9\u00e2tre","twitter_description":"Lounges for groups and banquets: in addition to a spacious dining room, the Restaurant du Th\u00e9\u00e2tre welcomes you for your group meals.","twitter_image":"https:\/\/restaurant-du-theatre.ch\/wp-content\/uploads\/2026\/02\/salon-restaurant-theatre-lausanne.webp","twitter_misc":{"Est. reading time":"3 minutes"},"schema":{"@context":"https:\/\/schema.org","@graph":[{"@type":"WebPage","@id":"https:\/\/restaurant-du-theatre.ch\/en\/private-rooms\/","url":"https:\/\/restaurant-du-theatre.ch\/en\/private-rooms\/","name":"3 Private Lounges at Restaurant du Th\u00e9\u00e2tre","isPartOf":{"@id":"https:\/\/restaurant-du-theatre.ch\/#website"},"primaryImageOfPage":{"@id":"https:\/\/restaurant-du-theatre.ch\/en\/private-rooms\/#primaryimage"},"image":{"@id":"https:\/\/restaurant-du-theatre.ch\/en\/private-rooms\/#primaryimage"},"thumbnailUrl":"https:\/\/restaurant-du-theatre.ch\/wp-content\/uploads\/2026\/02\/salon-restaurant-theatre-lausanne.webp","datePublished":"2026-02-26T18:13:12+00:00","dateModified":"2026-03-07T18:04:05+00:00","description":"Lounges for groups and banquets: in addition to a spacious dining room, the Restaurant du Th\u00e9\u00e2tre welcomes you for your group meals.","breadcrumb":{"@id":"https:\/\/restaurant-du-theatre.ch\/en\/private-rooms\/#breadcrumb"},"inLanguage":"en-US","potentialAction":[{"@type":"ReadAction","target":["https:\/\/restaurant-du-theatre.ch\/en\/private-rooms\/"]}]},{"@type":"ImageObject","inLanguage":"en-US","@id":"https:\/\/restaurant-du-theatre.ch\/en\/private-rooms\/#primaryimage","url":"https:\/\/restaurant-du-theatre.ch\/wp-content\/uploads\/2026\/02\/salon-restaurant-theatre-lausanne.webp","contentUrl":"https:\/\/restaurant-du-theatre.ch\/wp-content\/uploads\/2026\/02\/salon-restaurant-theatre-lausanne.webp","width":1199,"height":697},{"@type":"BreadcrumbList","@id":"https:\/\/restaurant-du-theatre.ch\/en\/private-rooms\/#breadcrumb","itemListElement":[{"@type":"ListItem","position":1,"name":"Accueil","item":"https:\/\/restaurant-du-theatre.ch\/en\/"},{"@type":"ListItem","position":2,"name":"Private rooms"}]},{"@type":"WebSite","@id":"https:\/\/restaurant-du-theatre.ch\/#website","url":"https:\/\/restaurant-du-theatre.ch\/","name":"Restaurant du Th\u00e9\u00e2tre Lausanne","description":"","potentialAction":[{"@type":"SearchAction","target":{"@type":"EntryPoint","urlTemplate":"https:\/\/restaurant-du-theatre.ch\/?s={search_term_string}"},"query-input":{"@type":"PropertyValueSpecification","valueRequired":true,"valueName":"search_term_string"}}],"inLanguage":"en-US"}]}},"_links":{"self":[{"href":"https:\/\/restaurant-du-theatre.ch\/en\/wp-json\/wp\/v2\/pages\/731","targetHints":{"allow":["GET"]}}],"collection":[{"href":"https:\/\/restaurant-du-theatre.ch\/en\/wp-json\/wp\/v2\/pages"}],"about":[{"href":"https:\/\/restaurant-du-theatre.ch\/en\/wp-json\/wp\/v2\/types\/page"}],"author":[{"embeddable":true,"href":"https:\/\/restaurant-du-theatre.ch\/en\/wp-json\/wp\/v2\/users\/9"}],"replies":[{"embeddable":true,"href":"https:\/\/restaurant-du-theatre.ch\/en\/wp-json\/wp\/v2\/comments?post=731"}],"version-history":[{"count":11,"href":"https:\/\/restaurant-du-theatre.ch\/en\/wp-json\/wp\/v2\/pages\/731\/revisions"}],"predecessor-version":[{"id":911,"href":"https:\/\/restaurant-du-theatre.ch\/en\/wp-json\/wp\/v2\/pages\/731\/revisions\/911"}],"wp:featuredmedia":[{"embeddable":true,"href":"https:\/\/restaurant-du-theatre.ch\/en\/wp-json\/wp\/v2\/media\/733"}],"wp:attachment":[{"href":"https:\/\/restaurant-du-theatre.ch\/en\/wp-json\/wp\/v2\/media?parent=731"}],"curies":[{"name":"wp","href":"https:\/\/api.w.org\/{rel}","templated":true}]}}