{"id":724,"date":"2026-02-26T22:03:23","date_gmt":"2026-02-26T22:03:23","guid":{"rendered":"https:\/\/new.restaurant-du-theatre.ch\/contact\/"},"modified":"2026-03-02T19:49:12","modified_gmt":"2026-03-02T19:49:12","slug":"contact-us","status":"publish","type":"page","link":"https:\/\/restaurant-du-theatre.ch\/en\/contact-us\/","title":{"rendered":"Contact"},"content":{"rendered":"<section class=\"bde-section-724-100 bde-section radial-bg__top\">\n              \n  \n  \n\t\n\n\n\n<div class=\"section-container\"><div class=\"bde-image-724-101 bde-image\">\n<figure class=\"breakdance-image breakdance-image--692\">\n\t<div class=\"breakdance-image-container\">\n\t\t<div class=\"breakdance-image-clip\"><img decoding=\"async\" class=\"breakdance-image-object\" src=\"https:\/\/restaurant-du-theatre.ch\/wp-content\/uploads\/2026\/02\/icon-theatre-taupe.svg\" width=\"\" height=\"\"><\/div>\n\t<\/div><\/figure>\n\n<\/div><h1 class=\"bde-heading-724-102 bde-heading\">\nContact us\n<\/h1><div class=\"bde-text-724-103 bde-text\">\nPlease contact us if you require any further information\n<\/div><div class=\"bde-columns-724-104 bde-columns\"><div class=\"bde-column-724-105 bde-column\">\n  \n  \n\t\n\n\n\n<h2 class=\"bde-heading-724-106 bde-heading\">\nWhere to find us?\n<\/h2><div class=\"bde-text-724-108 bde-text\">\nRestaurant address\n<\/div><ul class=\"bde-basic-list-724-109 bde-basic-list\">\n  <li  >    \n          Le Th\u00e9\u00e2tre Restaurant\n      <\/li>\n  <li  >    \n          Av. du Th\u00e9\u00e2tre 12\n      <\/li>\n  <li  >    \n          1005 Lausanne, Switzerland\n      <\/li>\n<\/ul><div class=\"bde-button-724-110 bde-button\">\n    \n                        \n                                                    \n    \n    \n    \n    \n            \n                    \n            \n            \n\n    \n    \n    \n    \n    \n    <a class=\"breakdance-link button-atom button-atom--custom button-atom--preset-f19efc4d-45fd-4352-aeb1-db8f620c3ef1 bde-button__button\" href=\"https:\/\/www.google.com\/maps\/place\/Restaurant+du+Th%C3%A9%C3%A2tre\/@46.518176,6.636782,14z\/data=!4m6!3m5!1s0x478c2e34ea2069fd:0xdaff6c92cef953d0!8m2!3d46.5181755!4d6.6367825!16s%2Fg%2F1td24bcx?hl=fr-FR&entry=ttu&g_ep=EgoyMDI2MDIyNS4wIKXMDSoASAFQAw%3D%3D\" target=\"_blank\" data-type=\"url\"  >\n\n    \n        <span class=\"button-atom__text\">Directions<\/span>\n\n        \n        \n                <\/a>\n\n    \n\n\n<\/div>\n<\/div><div class=\"bde-column-724-111 bde-column\">\n  \n  \n\t\n\n\n\n<div class=\"bde-google-map-724-131 bde-google-map\">\r\n<iframe width=\"100%\" height=\"100%\" style=\"border:0\" loading=\"lazy\" title=\"Map\" src=\"https:\/\/maps.google.com\/maps?q=Av.+du+Th%C3%A9%C3%A2tre+12%3Cbr%3E1005+Lausanne%2C+Switzerland&t=m&z=14&output=embed&iwloc=near\" allowfullscreen><\/iframe>\n<\/div>\n<\/div><\/div><\/div>\n<\/section><section class=\"bde-section-724-113 bde-section\">\n              \n  \n  \n\t\n\n\n\n<div class=\"section-container\"><div class=\"bde-image-724-114 bde-image\">\n<figure class=\"breakdance-image breakdance-image--691\">\n\t<div class=\"breakdance-image-container\">\n\t\t<div class=\"breakdance-image-clip\"><img decoding=\"async\" class=\"breakdance-image-object\" src=\"https:\/\/restaurant-du-theatre.ch\/wp-content\/uploads\/2026\/02\/logo-theatre-taupe.svg\" width=\"\" height=\"\"><\/div>\n\t<\/div><\/figure>\n\n<\/div><div class=\"bde-image-724-115 bde-image\">\n<figure class=\"breakdance-image breakdance-image--692\">\n\t<div class=\"breakdance-image-container\">\n\t\t<div class=\"breakdance-image-clip\"><img decoding=\"async\" class=\"breakdance-image-object\" src=\"https:\/\/restaurant-du-theatre.ch\/wp-content\/uploads\/2026\/02\/icon-theatre-taupe.svg\" width=\"\" height=\"\"><\/div>\n\t<\/div><\/figure>\n\n<\/div><div class=\"bde-columns-724-116 bde-columns\"><div class=\"bde-column-724-117 bde-column\">\n  \n  \n\t\n\n\n\n<div class=\"bde-form-builder-724-118 bde-form-builder\">\n\n<form id=\"contact-form118\" class=\"breakdance-form breakdance-form--vertical\" data-options=\"{&quot;slug&quot;:&quot;custom&quot;,&quot;name&quot;:&quot;Contact Form&quot;,&quot;ajaxUrl&quot;:&quot;https:\\\/\\\/restaurant-du-theatre.ch\\\/wp-admin\\\/admin-ajax.php&quot;,&quot;clearOnSuccess&quot;:true,&quot;hideOnSuccess&quot;:false,&quot;successMessage&quot;:&quot;Your message has been received!&quot;,&quot;errorMessage&quot;:&quot;An error occurred.&quot;,&quot;redirect&quot;:false,&quot;redirectUrl&quot;:&quot;&quot;,&quot;customJavaScript&quot;:&quot;&quot;,&quot;recaptcha&quot;:{&quot;key&quot;:&quot;&quot;,&quot;enabled&quot;:false},&quot;honeypot_enabled&quot;:false,&quot;popupsOnSuccess&quot;:[],&quot;popupsOnError&quot;:[]}\" data-steps=\"0\" >\n  \n  \n  \n<div class=\"breakdance-form-field breakdance-form-field--text\" >\n    \n    \n            <label class=\"breakdance-form-field__label\" for=\"name\">\n            Name<span class=\"breakdance-form-field__required\">*<\/span>\n        <\/label>\n    \n    <input\n    class=\"breakdance-form-field__input\"\n    id=\"name\"\n    aria-describedby=\"name\"\n    type=\"text\"\n    name=\"fields[name]\"\n    placeholder=\"Your name\"\n    value=\"\"\n                \n        \n        \n    required\n    \n    \n    \n>\n\n\n    \n    \n<\/div>\n\n\n<div class=\"breakdance-form-field breakdance-form-field--email\" >\n    \n    \n            <label class=\"breakdance-form-field__label\" for=\"email\">\n            Email<span class=\"breakdance-form-field__required\">*<\/span>\n        <\/label>\n    \n    <input\n    class=\"breakdance-form-field__input\"\n    id=\"email\"\n    aria-describedby=\"email\"\n    type=\"email\"\n    name=\"fields[email]\"\n    placeholder=\"Your email address\"\n    value=\"\"\n                \n        \n        \n    required\n    \n    \n    \n>\n\n\n    \n    \n<\/div>\n\n\n<div class=\"breakdance-form-field breakdance-form-field--textarea\" >\n    \n    \n            <label class=\"breakdance-form-field__label\" for=\"message\">\n            Message<span class=\"breakdance-form-field__required\">*<\/span>\n        <\/label>\n    \n    <textarea\n    class=\"breakdance-form-field__input\"\n    id=\"message\"\n    aria-describedby=\"message\"\n    type=\"textarea\"\n    name=\"fields[message]\"\n        placeholder=\"\"\n    required\n    >\n<\/textarea>\n\n\n    \n    \n<\/div>\n\n\n  \n\n<div class=\"breakdance-form-field breakdance-form-footer\">\n    \n    \n                                    \n    \n    \n    \n    \n            \n            <button type=\"submit\" class=\"button-atom button-atom--primary breakdance-form-button breakdance-form-button__submit\"  >\n    \n        <span class=\"button-atom__text\">Send<\/span>\n\n        \n        \n            <\/button>\n    \n    <input type=\"hidden\" name=\"form_id\" value=\"118\">\n    <input type=\"hidden\" name=\"post_id\" value=\"724\">\n<\/div>\n\n  \n<\/form>\n\n\n<\/div>\n<\/div><div class=\"bde-column-724-119 bde-column\">\n  \n  \n\t\n\n\n\n<h2 class=\"bde-heading-724-120 bde-heading\">\nWrite to us\n<\/h2><div class=\"bde-text-724-121 bde-text\">\nYour message is not read on Saturdays and Sundays. For last-minute reservations, please call the restaurant during opening hours.\n<\/div><div class=\"bde-div-724-122 bde-div\">\n  \n  \n\t\n\n\n\n<div class=\"bde-text-724-123 bde-text\">\nCall us\n<\/div><div class=\"bde-text-724-124 bde-text\">\nPhone: +41 21 351 51 15\n<\/div>\n<\/div><div class=\"bde-div-724-125 bde-div\">\n  \n  \n\t\n\n\n\n<div class=\"bde-text-724-126 bde-text\">\nEmail\n<\/div><div class=\"bde-text-724-127 bde-text\">\ninfo@restaurant-du-theatre.ch\n<\/div>\n<\/div><div class=\"bde-div-724-128 bde-div\">\n  \n  \n\t\n\n\n\n<div class=\"bde-text-724-129 bde-text\">\nOpening hours\n<\/div><div class=\"bde-text-724-130 bde-text\">\nMonday to Saturday year-round<br>10:00 AM\u20133:00 PM, 6:30 PM\u201312:00 AM<br><br>Sundays when there is an opera performance\n<\/div>\n<\/div>\n<\/div><\/div><\/div>\n<\/section>","protected":false},"excerpt":{"rendered":"<p>Contact us Please contact us if you require any further information Where to find us? Restaurant address Le Th\u00e9\u00e2tre Restaurant Av. du Th\u00e9\u00e2tre 12 1005 Lausanne, Switzerland Directions Name* Email* Message* Send Write to us Your message is not read on Saturdays and Sundays. For last-minute reservations, please call the restaurant during opening hours. Call [&hellip;]<\/p>\n","protected":false},"author":9,"featured_media":725,"parent":0,"menu_order":0,"comment_status":"closed","ping_status":"closed","template":"","meta":{"_breakdance_hide_in_design_set":false,"_breakdance_tags":"","iawp_total_views":19,"footnotes":""},"class_list":["post-724","page","type-page","status-publish","has-post-thumbnail","hentry"],"yoast_head":"<!-- This site is optimized with the Yoast SEO plugin v27.3 - https:\/\/yoast.com\/product\/yoast-seo-wordpress\/ -->\n<title>Contact Restaurant du Th\u00e9\u00e2tre<\/title>\n<meta name=\"description\" content=\"Please contact us if you require any further information. For last-minute reservations, please call the restaurant on +41 21 351 51 15.\" \/>\n<meta name=\"robots\" content=\"index, follow, max-snippet:-1, max-image-preview:large, max-video-preview:-1\" \/>\n<link rel=\"canonical\" href=\"https:\/\/restaurant-du-theatre.ch\/en\/contact-us\/\" \/>\n<meta property=\"og:locale\" content=\"en_US\" \/>\n<meta property=\"og:type\" content=\"article\" \/>\n<meta property=\"og:title\" content=\"Contact Restaurant du Th\u00e9\u00e2tre\" \/>\n<meta property=\"og:description\" content=\"Please contact us if you require any further information. For last-minute reservations, please call the restaurant on +41 21 351 51 15.\" \/>\n<meta property=\"og:url\" content=\"https:\/\/restaurant-du-theatre.ch\/en\/contact-us\/\" \/>\n<meta property=\"og:site_name\" content=\"Restaurant du Th\u00e9\u00e2tre Lausanne\" \/>\n<meta property=\"article:modified_time\" content=\"2026-03-02T19:49:12+00:00\" \/>\n<meta property=\"og:image\" content=\"https:\/\/restaurant-du-theatre.ch\/wp-content\/uploads\/2026\/02\/banniere-salle-restaurant-du-theatre-lausanne.webp\" \/>\n\t<meta property=\"og:image:width\" content=\"1600\" \/>\n\t<meta property=\"og:image:height\" content=\"900\" \/>\n\t<meta property=\"og:image:type\" content=\"image\/webp\" \/>\n<meta name=\"twitter:card\" content=\"summary_large_image\" \/>\n<meta name=\"twitter:title\" content=\"Contact Restaurant du Th\u00e9\u00e2tre\" \/>\n<meta name=\"twitter:description\" content=\"Please contact us if you require any further information. For last-minute reservations, please call the restaurant on +41 21 351 51 15.\" \/>\n<meta name=\"twitter:image\" content=\"https:\/\/restaurant-du-theatre.ch\/wp-content\/uploads\/2026\/02\/banniere-salle-restaurant-du-theatre-lausanne.webp\" \/>\n<meta name=\"twitter:label1\" content=\"Est. reading time\" \/>\n\t<meta name=\"twitter:data1\" content=\"2 minutes\" \/>\n<script type=\"application\/ld+json\" class=\"yoast-schema-graph\">{\"@context\":\"https:\\\/\\\/schema.org\",\"@graph\":[{\"@type\":\"WebPage\",\"@id\":\"https:\\\/\\\/restaurant-du-theatre.ch\\\/en\\\/contact-us\\\/\",\"url\":\"https:\\\/\\\/restaurant-du-theatre.ch\\\/en\\\/contact-us\\\/\",\"name\":\"Contact Restaurant du Th\u00e9\u00e2tre\",\"isPartOf\":{\"@id\":\"https:\\\/\\\/restaurant-du-theatre.ch\\\/#website\"},\"primaryImageOfPage\":{\"@id\":\"https:\\\/\\\/restaurant-du-theatre.ch\\\/en\\\/contact-us\\\/#primaryimage\"},\"image\":{\"@id\":\"https:\\\/\\\/restaurant-du-theatre.ch\\\/en\\\/contact-us\\\/#primaryimage\"},\"thumbnailUrl\":\"https:\\\/\\\/restaurant-du-theatre.ch\\\/wp-content\\\/uploads\\\/2026\\\/02\\\/banniere-salle-restaurant-du-theatre-lausanne.webp\",\"datePublished\":\"2026-02-26T22:03:23+00:00\",\"dateModified\":\"2026-03-02T19:49:12+00:00\",\"description\":\"Please contact us if you require any further information. For last-minute reservations, please call the restaurant on +41 21 351 51 15.\",\"breadcrumb\":{\"@id\":\"https:\\\/\\\/restaurant-du-theatre.ch\\\/en\\\/contact-us\\\/#breadcrumb\"},\"inLanguage\":\"en-US\",\"potentialAction\":[{\"@type\":\"ReadAction\",\"target\":[\"https:\\\/\\\/restaurant-du-theatre.ch\\\/en\\\/contact-us\\\/\"]}]},{\"@type\":\"ImageObject\",\"inLanguage\":\"en-US\",\"@id\":\"https:\\\/\\\/restaurant-du-theatre.ch\\\/en\\\/contact-us\\\/#primaryimage\",\"url\":\"https:\\\/\\\/restaurant-du-theatre.ch\\\/wp-content\\\/uploads\\\/2026\\\/02\\\/banniere-salle-restaurant-du-theatre-lausanne.webp\",\"contentUrl\":\"https:\\\/\\\/restaurant-du-theatre.ch\\\/wp-content\\\/uploads\\\/2026\\\/02\\\/banniere-salle-restaurant-du-theatre-lausanne.webp\",\"width\":1600,\"height\":900},{\"@type\":\"BreadcrumbList\",\"@id\":\"https:\\\/\\\/restaurant-du-theatre.ch\\\/en\\\/contact-us\\\/#breadcrumb\",\"itemListElement\":[{\"@type\":\"ListItem\",\"position\":1,\"name\":\"Accueil\",\"item\":\"https:\\\/\\\/restaurant-du-theatre.ch\\\/en\\\/\"},{\"@type\":\"ListItem\",\"position\":2,\"name\":\"Contact\"}]},{\"@type\":\"WebSite\",\"@id\":\"https:\\\/\\\/restaurant-du-theatre.ch\\\/#website\",\"url\":\"https:\\\/\\\/restaurant-du-theatre.ch\\\/\",\"name\":\"Restaurant du Th\u00e9\u00e2tre Lausanne\",\"description\":\"\",\"potentialAction\":[{\"@type\":\"SearchAction\",\"target\":{\"@type\":\"EntryPoint\",\"urlTemplate\":\"https:\\\/\\\/restaurant-du-theatre.ch\\\/?s={search_term_string}\"},\"query-input\":{\"@type\":\"PropertyValueSpecification\",\"valueRequired\":true,\"valueName\":\"search_term_string\"}}],\"inLanguage\":\"en-US\"}]}<\/script>\n<!-- \/ Yoast SEO plugin. -->","yoast_head_json":{"title":"Contact Restaurant du Th\u00e9\u00e2tre","description":"Please contact us if you require any further information. For last-minute reservations, please call the restaurant on +41 21 351 51 15.","robots":{"index":"index","follow":"follow","max-snippet":"max-snippet:-1","max-image-preview":"max-image-preview:large","max-video-preview":"max-video-preview:-1"},"canonical":"https:\/\/restaurant-du-theatre.ch\/en\/contact-us\/","og_locale":"en_US","og_type":"article","og_title":"Contact Restaurant du Th\u00e9\u00e2tre","og_description":"Please contact us if you require any further information. For last-minute reservations, please call the restaurant on +41 21 351 51 15.","og_url":"https:\/\/restaurant-du-theatre.ch\/en\/contact-us\/","og_site_name":"Restaurant du Th\u00e9\u00e2tre Lausanne","article_modified_time":"2026-03-02T19:49:12+00:00","og_image":[{"width":1600,"height":900,"url":"https:\/\/restaurant-du-theatre.ch\/wp-content\/uploads\/2026\/02\/banniere-salle-restaurant-du-theatre-lausanne.webp","type":"image\/webp"}],"twitter_card":"summary_large_image","twitter_title":"Contact Restaurant du Th\u00e9\u00e2tre","twitter_description":"Please contact us if you require any further information. For last-minute reservations, please call the restaurant on +41 21 351 51 15.","twitter_image":"https:\/\/restaurant-du-theatre.ch\/wp-content\/uploads\/2026\/02\/banniere-salle-restaurant-du-theatre-lausanne.webp","twitter_misc":{"Est. reading time":"2 minutes"},"schema":{"@context":"https:\/\/schema.org","@graph":[{"@type":"WebPage","@id":"https:\/\/restaurant-du-theatre.ch\/en\/contact-us\/","url":"https:\/\/restaurant-du-theatre.ch\/en\/contact-us\/","name":"Contact Restaurant du Th\u00e9\u00e2tre","isPartOf":{"@id":"https:\/\/restaurant-du-theatre.ch\/#website"},"primaryImageOfPage":{"@id":"https:\/\/restaurant-du-theatre.ch\/en\/contact-us\/#primaryimage"},"image":{"@id":"https:\/\/restaurant-du-theatre.ch\/en\/contact-us\/#primaryimage"},"thumbnailUrl":"https:\/\/restaurant-du-theatre.ch\/wp-content\/uploads\/2026\/02\/banniere-salle-restaurant-du-theatre-lausanne.webp","datePublished":"2026-02-26T22:03:23+00:00","dateModified":"2026-03-02T19:49:12+00:00","description":"Please contact us if you require any further information. For last-minute reservations, please call the restaurant on +41 21 351 51 15.","breadcrumb":{"@id":"https:\/\/restaurant-du-theatre.ch\/en\/contact-us\/#breadcrumb"},"inLanguage":"en-US","potentialAction":[{"@type":"ReadAction","target":["https:\/\/restaurant-du-theatre.ch\/en\/contact-us\/"]}]},{"@type":"ImageObject","inLanguage":"en-US","@id":"https:\/\/restaurant-du-theatre.ch\/en\/contact-us\/#primaryimage","url":"https:\/\/restaurant-du-theatre.ch\/wp-content\/uploads\/2026\/02\/banniere-salle-restaurant-du-theatre-lausanne.webp","contentUrl":"https:\/\/restaurant-du-theatre.ch\/wp-content\/uploads\/2026\/02\/banniere-salle-restaurant-du-theatre-lausanne.webp","width":1600,"height":900},{"@type":"BreadcrumbList","@id":"https:\/\/restaurant-du-theatre.ch\/en\/contact-us\/#breadcrumb","itemListElement":[{"@type":"ListItem","position":1,"name":"Accueil","item":"https:\/\/restaurant-du-theatre.ch\/en\/"},{"@type":"ListItem","position":2,"name":"Contact"}]},{"@type":"WebSite","@id":"https:\/\/restaurant-du-theatre.ch\/#website","url":"https:\/\/restaurant-du-theatre.ch\/","name":"Restaurant du Th\u00e9\u00e2tre Lausanne","description":"","potentialAction":[{"@type":"SearchAction","target":{"@type":"EntryPoint","urlTemplate":"https:\/\/restaurant-du-theatre.ch\/?s={search_term_string}"},"query-input":{"@type":"PropertyValueSpecification","valueRequired":true,"valueName":"search_term_string"}}],"inLanguage":"en-US"}]}},"_links":{"self":[{"href":"https:\/\/restaurant-du-theatre.ch\/en\/wp-json\/wp\/v2\/pages\/724","targetHints":{"allow":["GET"]}}],"collection":[{"href":"https:\/\/restaurant-du-theatre.ch\/en\/wp-json\/wp\/v2\/pages"}],"about":[{"href":"https:\/\/restaurant-du-theatre.ch\/en\/wp-json\/wp\/v2\/types\/page"}],"author":[{"embeddable":true,"href":"https:\/\/restaurant-du-theatre.ch\/en\/wp-json\/wp\/v2\/users\/9"}],"replies":[{"embeddable":true,"href":"https:\/\/restaurant-du-theatre.ch\/en\/wp-json\/wp\/v2\/comments?post=724"}],"version-history":[{"count":7,"href":"https:\/\/restaurant-du-theatre.ch\/en\/wp-json\/wp\/v2\/pages\/724\/revisions"}],"predecessor-version":[{"id":839,"href":"https:\/\/restaurant-du-theatre.ch\/en\/wp-json\/wp\/v2\/pages\/724\/revisions\/839"}],"wp:featuredmedia":[{"embeddable":true,"href":"https:\/\/restaurant-du-theatre.ch\/en\/wp-json\/wp\/v2\/media\/725"}],"wp:attachment":[{"href":"https:\/\/restaurant-du-theatre.ch\/en\/wp-json\/wp\/v2\/media?parent=724"}],"curies":[{"name":"wp","href":"https:\/\/api.w.org\/{rel}","templated":true}]}}