{"id":1015,"date":"2026-03-08T12:13:40","date_gmt":"2026-03-08T12:13:40","guid":{"rendered":"https:\/\/restaurant-du-theatre.ch\/portfolio-restaurant-du-theatre-lausanne\/"},"modified":"2026-04-02T12:27:11","modified_gmt":"2026-04-02T12:27:11","slug":"portfolio-restaurant-du-theatre-lausanne","status":"publish","type":"page","link":"https:\/\/restaurant-du-theatre.ch\/en\/portfolio-restaurant-du-theatre-lausanne\/","title":{"rendered":"Portfolio"},"content":{"rendered":"<section class=\"bde-section-1015-100 bde-section radial-bg__top\">\n              \n  \n  \n\t\n\n\n\n<div class=\"section-container\"><div class=\"bde-image-1015-101 bde-image\">\n<figure class=\"breakdance-image breakdance-image--311\">\n\t<div class=\"breakdance-image-container\">\n\t\t<div class=\"breakdance-image-clip\"><img decoding=\"async\" class=\"breakdance-image-object\" src=\"https:\/\/restaurant-du-theatre.ch\/wp-content\/uploads\/2026\/02\/logo-theatre-taupe.svg\" width=\"\" height=\"\"><\/div>\n\t<\/div><\/figure>\n\n<\/div><h1 class=\"bde-heading-1015-102 bde-heading\">\nThe Kitchen in Images\n<\/h1><div class=\"bde-text-1015-103 bde-text\">\nIn every dish, a careful attention to flavours, textures and presentation. A photographic glimpse into the cuisine of Restaurant Le Th\u00e9\u00e2tre, in the heart of Lausanne.\n<\/div><div class=\"bde-video-1015-121 bde-video\">\n<div class=\"ee-video-container\">\n            <video class=\"ee-video\" src=\"https:\/\/restaurant-du-theatre.ch\/wp-content\/uploads\/2026\/02\/restaurant-du-theatre-lausanne.mp4\"\n               autoplay='true'                controls='true'                                loop='true'                muted='true'                controlsList=\"nodownload\"                playsinline\n        >\n        <\/video>\n    \n    <\/div>\n\n<\/div><\/div>\n<\/section><section class=\"bde-section-1015-105 bde-section\">\n  \n  \n\t\n\n\n\n<div class=\"section-container\"><div class=\"bde-div-1015-106 bde-div\">\n  \n  \n\t\n\n\n\n<h2 class=\"bde-heading-1015-107 bde-heading\">\nPortfolio\n<\/h2>\n<\/div><div class=\"bde-div-1015-108 bde-div\">\n  \n  \n\t\n\n\n\n<div class=\"bde-image-hover-card-1015-114 bde-image-hover-card\">\n<figure class=\"ee-imagehover c4-izmir c4-border-bottom c4-image-zoom-in\">\n    <img loading=\"lazy\" decoding=\"async\" class=\"breakdance-image-object\" src=\"https:\/\/restaurant-du-theatre.ch\/wp-content\/uploads\/2026\/04\/agneau-assiette-restaurant-du-theatre-lausanne-1.webp\" width=\"1200\" height=\"800\" srcset=\"https:\/\/restaurant-du-theatre.ch\/wp-content\/uploads\/2026\/04\/agneau-assiette-restaurant-du-theatre-lausanne-1.webp 1200w, https:\/\/restaurant-du-theatre.ch\/wp-content\/uploads\/2026\/04\/agneau-assiette-restaurant-du-theatre-lausanne-1-300x200.webp 300w, https:\/\/restaurant-du-theatre.ch\/wp-content\/uploads\/2026\/04\/agneau-assiette-restaurant-du-theatre-lausanne-1-1024x683.webp 1024w, https:\/\/restaurant-du-theatre.ch\/wp-content\/uploads\/2026\/04\/agneau-assiette-restaurant-du-theatre-lausanne-1-768x512.webp 768w\" sizes=\"auto, (max-width: 1200px) 100vw, 1200px\">\n  <figcaption >\n      <\/figcaption>\n<\/figure>\n<\/div><div class=\"bde-image-hover-card-1015-115 bde-image-hover-card\">\n<figure class=\"ee-imagehover c4-izmir c4-border-bottom c4-image-zoom-in\">\n    <img loading=\"lazy\" decoding=\"async\" class=\"breakdance-image-object\" src=\"https:\/\/restaurant-du-theatre.ch\/wp-content\/uploads\/2026\/04\/tartare-assiette-restaurant-du-theatre-lausanne-1.webp\" width=\"1200\" height=\"800\" srcset=\"https:\/\/restaurant-du-theatre.ch\/wp-content\/uploads\/2026\/04\/tartare-assiette-restaurant-du-theatre-lausanne-1.webp 1200w, https:\/\/restaurant-du-theatre.ch\/wp-content\/uploads\/2026\/04\/tartare-assiette-restaurant-du-theatre-lausanne-1-300x200.webp 300w, https:\/\/restaurant-du-theatre.ch\/wp-content\/uploads\/2026\/04\/tartare-assiette-restaurant-du-theatre-lausanne-1-1024x683.webp 1024w, https:\/\/restaurant-du-theatre.ch\/wp-content\/uploads\/2026\/04\/tartare-assiette-restaurant-du-theatre-lausanne-1-768x512.webp 768w\" sizes=\"auto, (max-width: 1200px) 100vw, 1200px\">\n  <figcaption >\n      <\/figcaption>\n<\/figure>\n<\/div><div class=\"bde-image-hover-card-1015-116 bde-image-hover-card\">\n<figure class=\"ee-imagehover c4-izmir c4-border-bottom c4-image-zoom-in\">\n    <img loading=\"lazy\" decoding=\"async\" class=\"breakdance-image-object\" src=\"https:\/\/restaurant-du-theatre.ch\/wp-content\/uploads\/2026\/04\/seared-scallops-risotto-restaurant-du-theatre-lausanne-1.webp\" width=\"1200\" height=\"800\" srcset=\"https:\/\/restaurant-du-theatre.ch\/wp-content\/uploads\/2026\/04\/seared-scallops-risotto-restaurant-du-theatre-lausanne-1.webp 1200w, https:\/\/restaurant-du-theatre.ch\/wp-content\/uploads\/2026\/04\/seared-scallops-risotto-restaurant-du-theatre-lausanne-1-300x200.webp 300w, https:\/\/restaurant-du-theatre.ch\/wp-content\/uploads\/2026\/04\/seared-scallops-risotto-restaurant-du-theatre-lausanne-1-1024x683.webp 1024w, https:\/\/restaurant-du-theatre.ch\/wp-content\/uploads\/2026\/04\/seared-scallops-risotto-restaurant-du-theatre-lausanne-1-768x512.webp 768w\" sizes=\"auto, (max-width: 1200px) 100vw, 1200px\">\n  <figcaption >\n      <\/figcaption>\n<\/figure>\n<\/div><div class=\"bde-image-hover-card-1015-117 bde-image-hover-card\">\n<figure class=\"ee-imagehover c4-izmir c4-border-bottom c4-image-zoom-in\">\n    <img loading=\"lazy\" decoding=\"async\" class=\"breakdance-image-object\" src=\"https:\/\/restaurant-du-theatre.ch\/wp-content\/uploads\/2026\/04\/foie-risotto-restaurant-du-theatre-lausanne-1.webp\" width=\"1200\" height=\"800\" srcset=\"https:\/\/restaurant-du-theatre.ch\/wp-content\/uploads\/2026\/04\/foie-risotto-restaurant-du-theatre-lausanne-1.webp 1200w, https:\/\/restaurant-du-theatre.ch\/wp-content\/uploads\/2026\/04\/foie-risotto-restaurant-du-theatre-lausanne-1-300x200.webp 300w, https:\/\/restaurant-du-theatre.ch\/wp-content\/uploads\/2026\/04\/foie-risotto-restaurant-du-theatre-lausanne-1-1024x683.webp 1024w, https:\/\/restaurant-du-theatre.ch\/wp-content\/uploads\/2026\/04\/foie-risotto-restaurant-du-theatre-lausanne-1-768x512.webp 768w\" sizes=\"auto, (max-width: 1200px) 100vw, 1200px\">\n  <figcaption >\n      <\/figcaption>\n<\/figure>\n<\/div><div class=\"bde-image-hover-card-1015-118 bde-image-hover-card\">\n<figure class=\"ee-imagehover c4-izmir c4-border-bottom c4-image-zoom-in\">\n    <img loading=\"lazy\" decoding=\"async\" class=\"breakdance-image-object\" src=\"https:\/\/restaurant-du-theatre.ch\/wp-content\/uploads\/2026\/04\/fruits-de-mer-pates-restaurant-du-theatre-lausanne-1.webp\" width=\"1200\" height=\"800\" srcset=\"https:\/\/restaurant-du-theatre.ch\/wp-content\/uploads\/2026\/04\/fruits-de-mer-pates-restaurant-du-theatre-lausanne-1.webp 1200w, https:\/\/restaurant-du-theatre.ch\/wp-content\/uploads\/2026\/04\/fruits-de-mer-pates-restaurant-du-theatre-lausanne-1-300x200.webp 300w, https:\/\/restaurant-du-theatre.ch\/wp-content\/uploads\/2026\/04\/fruits-de-mer-pates-restaurant-du-theatre-lausanne-1-1024x683.webp 1024w, https:\/\/restaurant-du-theatre.ch\/wp-content\/uploads\/2026\/04\/fruits-de-mer-pates-restaurant-du-theatre-lausanne-1-768x512.webp 768w\" sizes=\"auto, (max-width: 1200px) 100vw, 1200px\">\n  <figcaption >\n      <\/figcaption>\n<\/figure>\n<\/div><div class=\"bde-image-hover-card-1015-119 bde-image-hover-card\">\n<figure class=\"ee-imagehover c4-izmir c4-border-bottom c4-image-zoom-in\">\n    <img loading=\"lazy\" decoding=\"async\" class=\"breakdance-image-object\" src=\"https:\/\/restaurant-du-theatre.ch\/wp-content\/uploads\/2026\/04\/poisson-assiette-restaurant-du-theatre-lausanne-1.webp\" width=\"1200\" height=\"800\" srcset=\"https:\/\/restaurant-du-theatre.ch\/wp-content\/uploads\/2026\/04\/poisson-assiette-restaurant-du-theatre-lausanne-1.webp 1200w, https:\/\/restaurant-du-theatre.ch\/wp-content\/uploads\/2026\/04\/poisson-assiette-restaurant-du-theatre-lausanne-1-300x200.webp 300w, https:\/\/restaurant-du-theatre.ch\/wp-content\/uploads\/2026\/04\/poisson-assiette-restaurant-du-theatre-lausanne-1-1024x683.webp 1024w, https:\/\/restaurant-du-theatre.ch\/wp-content\/uploads\/2026\/04\/poisson-assiette-restaurant-du-theatre-lausanne-1-768x512.webp 768w\" sizes=\"auto, (max-width: 1200px) 100vw, 1200px\">\n  <figcaption >\n      <\/figcaption>\n<\/figure>\n<\/div><div class=\"bde-image-hover-card-1015-120 bde-image-hover-card\">\n<figure class=\"ee-imagehover c4-izmir c4-border-bottom c4-image-zoom-in\">\n    <img loading=\"lazy\" decoding=\"async\" class=\"breakdance-image-object\" src=\"https:\/\/restaurant-du-theatre.ch\/wp-content\/uploads\/2026\/04\/saumon-assiette-restaurant-du-theatre-lausanne-1.webp\" width=\"1200\" height=\"800\" srcset=\"https:\/\/restaurant-du-theatre.ch\/wp-content\/uploads\/2026\/04\/saumon-assiette-restaurant-du-theatre-lausanne-1.webp 1200w, https:\/\/restaurant-du-theatre.ch\/wp-content\/uploads\/2026\/04\/saumon-assiette-restaurant-du-theatre-lausanne-1-300x200.webp 300w, https:\/\/restaurant-du-theatre.ch\/wp-content\/uploads\/2026\/04\/saumon-assiette-restaurant-du-theatre-lausanne-1-1024x683.webp 1024w, https:\/\/restaurant-du-theatre.ch\/wp-content\/uploads\/2026\/04\/saumon-assiette-restaurant-du-theatre-lausanne-1-768x512.webp 768w\" sizes=\"auto, (max-width: 1200px) 100vw, 1200px\">\n  <figcaption >\n      <\/figcaption>\n<\/figure>\n<\/div><div class=\"bde-image-hover-card-1015-122 bde-image-hover-card\">\n<figure class=\"ee-imagehover c4-izmir c4-border-bottom c4-image-zoom-in\">\n    <img loading=\"lazy\" decoding=\"async\" class=\"breakdance-image-object\" src=\"https:\/\/restaurant-du-theatre.ch\/wp-content\/uploads\/2026\/04\/pizza-mozzarella-restaurant-du-theatre-lausanne-1.webp\" width=\"1200\" height=\"800\" srcset=\"https:\/\/restaurant-du-theatre.ch\/wp-content\/uploads\/2026\/04\/pizza-mozzarella-restaurant-du-theatre-lausanne-1.webp 1200w, https:\/\/restaurant-du-theatre.ch\/wp-content\/uploads\/2026\/04\/pizza-mozzarella-restaurant-du-theatre-lausanne-1-300x200.webp 300w, https:\/\/restaurant-du-theatre.ch\/wp-content\/uploads\/2026\/04\/pizza-mozzarella-restaurant-du-theatre-lausanne-1-1024x683.webp 1024w, https:\/\/restaurant-du-theatre.ch\/wp-content\/uploads\/2026\/04\/pizza-mozzarella-restaurant-du-theatre-lausanne-1-768x512.webp 768w\" sizes=\"auto, (max-width: 1200px) 100vw, 1200px\">\n  <figcaption >\n      <\/figcaption>\n<\/figure>\n<\/div><div class=\"bde-image-hover-card-1015-126 bde-image-hover-card\">\n<figure class=\"ee-imagehover c4-izmir c4-border-bottom c4-image-zoom-in\">\n    <img loading=\"lazy\" decoding=\"async\" class=\"breakdance-image-object\" src=\"https:\/\/restaurant-du-theatre.ch\/wp-content\/uploads\/2026\/04\/dessert-mousse-restaurant-du-theatre-lausanne-1.webp\" width=\"1200\" height=\"800\" srcset=\"https:\/\/restaurant-du-theatre.ch\/wp-content\/uploads\/2026\/04\/dessert-mousse-restaurant-du-theatre-lausanne-1.webp 1200w, https:\/\/restaurant-du-theatre.ch\/wp-content\/uploads\/2026\/04\/dessert-mousse-restaurant-du-theatre-lausanne-1-300x200.webp 300w, https:\/\/restaurant-du-theatre.ch\/wp-content\/uploads\/2026\/04\/dessert-mousse-restaurant-du-theatre-lausanne-1-1024x683.webp 1024w, https:\/\/restaurant-du-theatre.ch\/wp-content\/uploads\/2026\/04\/dessert-mousse-restaurant-du-theatre-lausanne-1-768x512.webp 768w\" sizes=\"auto, (max-width: 1200px) 100vw, 1200px\">\n  <figcaption >\n      <\/figcaption>\n<\/figure>\n<\/div>\n<\/div><\/div>\n<\/section>","protected":false},"excerpt":{"rendered":"<p>The Kitchen in Images In every dish, a careful attention to flavours, textures and presentation. A photographic glimpse into the cuisine of Restaurant Le Th\u00e9\u00e2tre, in the heart of Lausanne. Portfolio<\/p>\n","protected":false},"author":7,"featured_media":1016,"parent":0,"menu_order":0,"comment_status":"closed","ping_status":"closed","template":"","meta":{"_breakdance_hide_in_design_set":false,"_breakdance_tags":"","iawp_total_views":23,"footnotes":""},"class_list":["post-1015","page","type-page","status-publish","has-post-thumbnail","hentry"],"yoast_head":"<!-- This site is optimized with the Yoast SEO plugin v27.3 - https:\/\/yoast.com\/product\/yoast-seo-wordpress\/ -->\n<title>Photos Restaurant Le Th\u00e9\u00e2tre in Lausanne | Gallery<\/title>\n<meta name=\"description\" content=\"Images and photos of Restaurant Le Th\u00e9\u00e2tre in Lausanne \u2014 a visual glimpse of the flavours, textures and dining experience on offer.\" \/>\n<meta name=\"robots\" content=\"index, follow, max-snippet:-1, max-image-preview:large, max-video-preview:-1\" \/>\n<link rel=\"canonical\" href=\"https:\/\/restaurant-du-theatre.ch\/en\/portfolio-restaurant-du-theatre-lausanne\/\" \/>\n<meta property=\"og:locale\" content=\"en_US\" \/>\n<meta property=\"og:type\" content=\"article\" \/>\n<meta property=\"og:title\" content=\"Photos Restaurant Le Th\u00e9\u00e2tre in Lausanne | Gallery\" \/>\n<meta property=\"og:description\" content=\"Images and photos of Restaurant Le Th\u00e9\u00e2tre in Lausanne \u2014 a visual glimpse of the flavours, textures and dining experience on offer.\" \/>\n<meta property=\"og:url\" content=\"https:\/\/restaurant-du-theatre.ch\/en\/portfolio-restaurant-du-theatre-lausanne\/\" \/>\n<meta property=\"og:site_name\" content=\"Restaurant du Th\u00e9\u00e2tre Lausanne\" \/>\n<meta property=\"article:modified_time\" content=\"2026-04-02T12:27:11+00:00\" \/>\n<meta property=\"og:image\" content=\"https:\/\/restaurant-du-theatre.ch\/wp-content\/uploads\/2026\/03\/portfolio-y-restaurant-du-theatre-lausanne.webp\" \/>\n\t<meta property=\"og:image:width\" content=\"1200\" \/>\n\t<meta property=\"og:image:height\" content=\"800\" \/>\n\t<meta property=\"og:image:type\" content=\"image\/webp\" \/>\n<meta name=\"twitter:card\" content=\"summary_large_image\" \/>\n<meta name=\"twitter:title\" content=\"Photos Restaurant Le Th\u00e9\u00e2tre in Lausanne | Gallery\" \/>\n<meta name=\"twitter:description\" content=\"Images and photos of Restaurant Le Th\u00e9\u00e2tre in Lausanne \u2014 a visual glimpse of the flavours, textures and dining experience on offer.\" \/>\n<meta name=\"twitter:image\" content=\"https:\/\/restaurant-du-theatre.ch\/wp-content\/uploads\/2026\/03\/portfolio-y-restaurant-du-theatre-lausanne.webp\" \/>\n<meta name=\"twitter:label1\" content=\"Est. reading time\" \/>\n\t<meta name=\"twitter:data1\" content=\"6 minutes\" \/>\n<script type=\"application\/ld+json\" class=\"yoast-schema-graph\">{\"@context\":\"https:\\\/\\\/schema.org\",\"@graph\":[{\"@type\":\"WebPage\",\"@id\":\"https:\\\/\\\/restaurant-du-theatre.ch\\\/en\\\/portfolio-restaurant-du-theatre-lausanne\\\/\",\"url\":\"https:\\\/\\\/restaurant-du-theatre.ch\\\/en\\\/portfolio-restaurant-du-theatre-lausanne\\\/\",\"name\":\"Photos Restaurant Le Th\u00e9\u00e2tre in Lausanne | Gallery\",\"isPartOf\":{\"@id\":\"https:\\\/\\\/restaurant-du-theatre.ch\\\/#website\"},\"primaryImageOfPage\":{\"@id\":\"https:\\\/\\\/restaurant-du-theatre.ch\\\/en\\\/portfolio-restaurant-du-theatre-lausanne\\\/#primaryimage\"},\"image\":{\"@id\":\"https:\\\/\\\/restaurant-du-theatre.ch\\\/en\\\/portfolio-restaurant-du-theatre-lausanne\\\/#primaryimage\"},\"thumbnailUrl\":\"https:\\\/\\\/restaurant-du-theatre.ch\\\/wp-content\\\/uploads\\\/2026\\\/03\\\/portfolio-y-restaurant-du-theatre-lausanne.webp\",\"datePublished\":\"2026-03-08T12:13:40+00:00\",\"dateModified\":\"2026-04-02T12:27:11+00:00\",\"description\":\"Images and photos of Restaurant Le Th\u00e9\u00e2tre in Lausanne \u2014 a visual glimpse of the flavours, textures and dining experience on offer.\",\"breadcrumb\":{\"@id\":\"https:\\\/\\\/restaurant-du-theatre.ch\\\/en\\\/portfolio-restaurant-du-theatre-lausanne\\\/#breadcrumb\"},\"inLanguage\":\"en-US\",\"potentialAction\":[{\"@type\":\"ReadAction\",\"target\":[\"https:\\\/\\\/restaurant-du-theatre.ch\\\/en\\\/portfolio-restaurant-du-theatre-lausanne\\\/\"]}]},{\"@type\":\"ImageObject\",\"inLanguage\":\"en-US\",\"@id\":\"https:\\\/\\\/restaurant-du-theatre.ch\\\/en\\\/portfolio-restaurant-du-theatre-lausanne\\\/#primaryimage\",\"url\":\"https:\\\/\\\/restaurant-du-theatre.ch\\\/wp-content\\\/uploads\\\/2026\\\/03\\\/portfolio-y-restaurant-du-theatre-lausanne.webp\",\"contentUrl\":\"https:\\\/\\\/restaurant-du-theatre.ch\\\/wp-content\\\/uploads\\\/2026\\\/03\\\/portfolio-y-restaurant-du-theatre-lausanne.webp\",\"width\":1200,\"height\":800},{\"@type\":\"BreadcrumbList\",\"@id\":\"https:\\\/\\\/restaurant-du-theatre.ch\\\/en\\\/portfolio-restaurant-du-theatre-lausanne\\\/#breadcrumb\",\"itemListElement\":[{\"@type\":\"ListItem\",\"position\":1,\"name\":\"Accueil\",\"item\":\"https:\\\/\\\/restaurant-du-theatre.ch\\\/en\\\/\"},{\"@type\":\"ListItem\",\"position\":2,\"name\":\"Portfolio\"}]},{\"@type\":\"WebSite\",\"@id\":\"https:\\\/\\\/restaurant-du-theatre.ch\\\/#website\",\"url\":\"https:\\\/\\\/restaurant-du-theatre.ch\\\/\",\"name\":\"Restaurant du Th\u00e9\u00e2tre Lausanne\",\"description\":\"\",\"potentialAction\":[{\"@type\":\"SearchAction\",\"target\":{\"@type\":\"EntryPoint\",\"urlTemplate\":\"https:\\\/\\\/restaurant-du-theatre.ch\\\/?s={search_term_string}\"},\"query-input\":{\"@type\":\"PropertyValueSpecification\",\"valueRequired\":true,\"valueName\":\"search_term_string\"}}],\"inLanguage\":\"en-US\"}]}<\/script>\n<!-- \/ Yoast SEO plugin. -->","yoast_head_json":{"title":"Photos Restaurant Le Th\u00e9\u00e2tre in Lausanne | Gallery","description":"Images and photos of Restaurant Le Th\u00e9\u00e2tre in Lausanne \u2014 a visual glimpse of the flavours, textures and dining experience on offer.","robots":{"index":"index","follow":"follow","max-snippet":"max-snippet:-1","max-image-preview":"max-image-preview:large","max-video-preview":"max-video-preview:-1"},"canonical":"https:\/\/restaurant-du-theatre.ch\/en\/portfolio-restaurant-du-theatre-lausanne\/","og_locale":"en_US","og_type":"article","og_title":"Photos Restaurant Le Th\u00e9\u00e2tre in Lausanne | Gallery","og_description":"Images and photos of Restaurant Le Th\u00e9\u00e2tre in Lausanne \u2014 a visual glimpse of the flavours, textures and dining experience on offer.","og_url":"https:\/\/restaurant-du-theatre.ch\/en\/portfolio-restaurant-du-theatre-lausanne\/","og_site_name":"Restaurant du Th\u00e9\u00e2tre Lausanne","article_modified_time":"2026-04-02T12:27:11+00:00","og_image":[{"width":1200,"height":800,"url":"https:\/\/restaurant-du-theatre.ch\/wp-content\/uploads\/2026\/03\/portfolio-y-restaurant-du-theatre-lausanne.webp","type":"image\/webp"}],"twitter_card":"summary_large_image","twitter_title":"Photos Restaurant Le Th\u00e9\u00e2tre in Lausanne | Gallery","twitter_description":"Images and photos of Restaurant Le Th\u00e9\u00e2tre in Lausanne \u2014 a visual glimpse of the flavours, textures and dining experience on offer.","twitter_image":"https:\/\/restaurant-du-theatre.ch\/wp-content\/uploads\/2026\/03\/portfolio-y-restaurant-du-theatre-lausanne.webp","twitter_misc":{"Est. reading time":"6 minutes"},"schema":{"@context":"https:\/\/schema.org","@graph":[{"@type":"WebPage","@id":"https:\/\/restaurant-du-theatre.ch\/en\/portfolio-restaurant-du-theatre-lausanne\/","url":"https:\/\/restaurant-du-theatre.ch\/en\/portfolio-restaurant-du-theatre-lausanne\/","name":"Photos Restaurant Le Th\u00e9\u00e2tre in Lausanne | Gallery","isPartOf":{"@id":"https:\/\/restaurant-du-theatre.ch\/#website"},"primaryImageOfPage":{"@id":"https:\/\/restaurant-du-theatre.ch\/en\/portfolio-restaurant-du-theatre-lausanne\/#primaryimage"},"image":{"@id":"https:\/\/restaurant-du-theatre.ch\/en\/portfolio-restaurant-du-theatre-lausanne\/#primaryimage"},"thumbnailUrl":"https:\/\/restaurant-du-theatre.ch\/wp-content\/uploads\/2026\/03\/portfolio-y-restaurant-du-theatre-lausanne.webp","datePublished":"2026-03-08T12:13:40+00:00","dateModified":"2026-04-02T12:27:11+00:00","description":"Images and photos of Restaurant Le Th\u00e9\u00e2tre in Lausanne \u2014 a visual glimpse of the flavours, textures and dining experience on offer.","breadcrumb":{"@id":"https:\/\/restaurant-du-theatre.ch\/en\/portfolio-restaurant-du-theatre-lausanne\/#breadcrumb"},"inLanguage":"en-US","potentialAction":[{"@type":"ReadAction","target":["https:\/\/restaurant-du-theatre.ch\/en\/portfolio-restaurant-du-theatre-lausanne\/"]}]},{"@type":"ImageObject","inLanguage":"en-US","@id":"https:\/\/restaurant-du-theatre.ch\/en\/portfolio-restaurant-du-theatre-lausanne\/#primaryimage","url":"https:\/\/restaurant-du-theatre.ch\/wp-content\/uploads\/2026\/03\/portfolio-y-restaurant-du-theatre-lausanne.webp","contentUrl":"https:\/\/restaurant-du-theatre.ch\/wp-content\/uploads\/2026\/03\/portfolio-y-restaurant-du-theatre-lausanne.webp","width":1200,"height":800},{"@type":"BreadcrumbList","@id":"https:\/\/restaurant-du-theatre.ch\/en\/portfolio-restaurant-du-theatre-lausanne\/#breadcrumb","itemListElement":[{"@type":"ListItem","position":1,"name":"Accueil","item":"https:\/\/restaurant-du-theatre.ch\/en\/"},{"@type":"ListItem","position":2,"name":"Portfolio"}]},{"@type":"WebSite","@id":"https:\/\/restaurant-du-theatre.ch\/#website","url":"https:\/\/restaurant-du-theatre.ch\/","name":"Restaurant du Th\u00e9\u00e2tre Lausanne","description":"","potentialAction":[{"@type":"SearchAction","target":{"@type":"EntryPoint","urlTemplate":"https:\/\/restaurant-du-theatre.ch\/?s={search_term_string}"},"query-input":{"@type":"PropertyValueSpecification","valueRequired":true,"valueName":"search_term_string"}}],"inLanguage":"en-US"}]}},"_links":{"self":[{"href":"https:\/\/restaurant-du-theatre.ch\/en\/wp-json\/wp\/v2\/pages\/1015","targetHints":{"allow":["GET"]}}],"collection":[{"href":"https:\/\/restaurant-du-theatre.ch\/en\/wp-json\/wp\/v2\/pages"}],"about":[{"href":"https:\/\/restaurant-du-theatre.ch\/en\/wp-json\/wp\/v2\/types\/page"}],"author":[{"embeddable":true,"href":"https:\/\/restaurant-du-theatre.ch\/en\/wp-json\/wp\/v2\/users\/7"}],"replies":[{"embeddable":true,"href":"https:\/\/restaurant-du-theatre.ch\/en\/wp-json\/wp\/v2\/comments?post=1015"}],"version-history":[{"count":3,"href":"https:\/\/restaurant-du-theatre.ch\/en\/wp-json\/wp\/v2\/pages\/1015\/revisions"}],"predecessor-version":[{"id":1055,"href":"https:\/\/restaurant-du-theatre.ch\/en\/wp-json\/wp\/v2\/pages\/1015\/revisions\/1055"}],"wp:featuredmedia":[{"embeddable":true,"href":"https:\/\/restaurant-du-theatre.ch\/en\/wp-json\/wp\/v2\/media\/1016"}],"wp:attachment":[{"href":"https:\/\/restaurant-du-theatre.ch\/en\/wp-json\/wp\/v2\/media?parent=1015"}],"curies":[{"name":"wp","href":"https:\/\/api.w.org\/{rel}","templated":true}]}}